{"id":4178,"date":"2020-01-17T18:13:38","date_gmt":"2020-01-17T18:13:38","guid":{"rendered":"https:\/\/ayanspijama.com\/hakkimizda\/"},"modified":"2023-05-30T22:59:01","modified_gmt":"2023-05-30T22:59:01","slug":"hakkimizda","status":"publish","type":"page","link":"https:\/\/ayanspijama.com\/tr\/hakkimizda\/","title":{"rendered":"Hakk\u0131m\u0131zda"},"content":{"rendered":"<section class=\"wpb-content-wrapper\">[vc_row et_full_width=&#8221;true&#8221; et_row_padding=&#8221;true&#8221; et_column_align=&#8221;align-center&#8221; parallax=&#8221;content-moving&#8221; parallax_image=&#8221;3581&#8243; disable_element=&#8221;yes&#8221;][vc_column et_column_color=&#8221;et-light-column&#8221; css=&#8221;.vc_custom_1679617690846{background-image: url(http:\/\/ayanspijama.com\/wp-content\/uploads\/2023\/03\/White-BG.png?id=3581) !important;}&#8221;]\r\n\t\t<div class=\"et-banner-69e00538979e1 et-banner content-full  image-type-css vh-height text-color-light hover-effect hover-zoom \"><div class=\"et-banner-image\" role=\"img\" aria-label=\"White BG\" data-image=\"https:\/\/ayanspijama.com\/wp-content\/uploads\/2023\/03\/White-BG.png\" style=\"background-image: url(https:\/\/ayanspijama.com\/wp-content\/uploads\/2023\/03\/White-BG.png);\"><\/div>\r\n\t\t\t<div class=\"et-banner-content\">\r\n\t\t\t\t<div class=\"et-banner-content-inner container\">\r\n\t\t\t\t\t<div class=\"et-banner-text h_center v_center align_center\">\r\n\t\t\t\t\t\t<div class=\"et-banner-text-inner animated\" data-animate=\"et-fadeInUp\"><h2 class=\"et-banner-title color- xlarge\">Hakk\u0131m\u0131zda<\/h2><h4 class=\"et-banner-subtitle  color- text_style\">\u015eirketimiz<\/h4><div class=\"et-banner-paragraph\">Quisque tortor nulla, sollicitudin quis venenatis et, tincidunt placerat eros. Lorem ipsum dolor sit amet, consectetur adipiscing elit.<\/div><\/div>\r\n\t\t\t\t\t<\/div>\r\n\t\t\t\t<\/div>\r\n\t\t\t<\/div>\r\n\t\t<\/div>[\/vc_column][\/vc_row][vc_row et_column_align=&#8221;align-center&#8221; css=&#8221;.vc_custom_1579121915525{padding-top: 60px !important;padding-bottom: 40px !important;}&#8221;][vc_column animation=&#8221;animation bottom-to-top&#8221; offset=&#8221;vc_col-lg-8&#8243;][vc_empty_space height=&#8221;50&#8243;][vc_separator border_width=&#8221;4&#8243;][vc_empty_space][vc_row_inner et_column_align=&#8221;align-center&#8221;][vc_column_inner][vc_column_text]\n<h2>\u015eirketimiz<\/h2>\n[\/vc_column_text][vc_column_text]<span style=\"font-weight: 400;\">Temelleri 2002 y\u0131l\u0131nda at\u0131lan Ayans Tekstil, erkek ve \u00e7ocuk pijama alan\u0131nda hizmet vermektedir. Sekt\u00f6r\u00fcn s\u00fcrekli yenilenme ve de\u011fi\u015fim i\u00e7inde oldu\u011funun bilincinde olan Ayans Tekstil \u00e7a\u011fa ayak uydurarak inovasyona \u00f6nem verir. <\/span><\/p>\n<p><span style=\"font-weight: 400;\">\u00dcretimini \u0130stanbu\u2019lda kendi b\u00fcnyesinde ger\u00e7ekle\u015ftiren ayans tekstil \u00fcretiminin b\u00fcy\u00fck bir b\u00f6l\u00fcm\u00fcn\u00fc t\u00fcrkiye ba\u015fta olmak \u00fczere orta do\u011fu ve Balkan \u00fclkelerine yapmaktad\u0131r. Sekt\u00f6rdeki hi\u00e7bir yenilik ve geli\u015fmeden geri kalmayan ve daima ileri g\u00f6r\u00fc\u015fl\u00fc bir bak\u0131\u015f a\u00e7\u0131s\u0131yla faaliyet g\u00f6steren Ayans Tekstil ; sekt\u00f6r\u00fc yak\u0131ndan takip edip ederek tekstil d\u00fcnyas\u0131nda s\u00f6z sahibi olmak ad\u0131na kendi tasar\u0131mlar\u0131n\u0131 ya\u015fam stiline d\u00f6n\u00fc\u015ft\u00fcrmeyi hedeflemektedir. <\/span>[\/vc_column_text][\/vc_column_inner][\/vc_row_inner][vc_row_inner et_column_align=&#8221;align-center&#8221; disable_element=&#8221;yes&#8221;][vc_column_inner width=&#8221;1\/3&#8243;][vc_column_text]\n<h4 class=\"vc_custom_heading\">Our Mission<\/h4>\n[\/vc_column_text][\/vc_column_inner][vc_column_inner width=&#8221;2\/3&#8243;][vc_column_text]Sed ut perspiciatis unde omnis iste natus error sit voluptatem accusantium doloremque laudantium, totam rem aperiam, eaque ipsa quae ab illo inventore veritatis et quasi architecto beatae vitae dicta sunt explicabo.[\/vc_column_text][\/vc_column_inner][\/vc_row_inner][vc_row_inner et_column_align=&#8221;align-center&#8221; disable_element=&#8221;yes&#8221;][vc_column_inner width=&#8221;1\/3&#8243;][vc_column_text]\n<h4 class=\"vc_custom_heading\">Our Vision<\/h4>\n[\/vc_column_text][\/vc_column_inner][vc_column_inner width=&#8221;2\/3&#8243;][vc_column_text]Quis nostrud exercitation ullamco laboris nisi ut aliquip ex ea commodo consequat. Duis aute irure dolor in reprehenderit in voluptate velit esse cillum dolore eu fugiat nulla pariatur. Excepteur sint occaecat cupidatat non proident, sunt in culpa qui officia deserunt mollit anim id est laborum.[\/vc_column_text][\/vc_column_inner][\/vc_row_inner][\/vc_column][vc_column][\/vc_column][\/vc_row][vc_row disable_element=&#8221;yes&#8221;][vc_column][vc_row_inner][vc_column_inner animation=&#8221;animation bottom-to-top&#8221;]\t<div class=\"et-image-133 et-image aligncenter    et_image_link\">\n\t\t<div class=\"et-image-inner animation bottom-to-top\">\n\t\t\t\t\t\t\t<div class=\"et-image-thumb \">\n\t\t\t\t\t<img loading=\"lazy\" decoding=\"async\" width=\"1920\" height=\"960\" src=\"https:\/\/ayanspijama.com\/wp-content\/uploads\/2019\/05\/banner-image-3.jpg\" class=\"attachment-full\" alt=\"\" title=\"banner-image-3\" \/>\t\t\t\t<\/div>\n\t\t\t\t\t\t\t\t\t\t\t<\/div>\n\t<\/div>\n  [\/vc_column_inner][\/vc_row_inner][\/vc_column][\/vc_row][vc_row et_column_align=&#8221;align-center&#8221; css=&#8221;.vc_custom_1579121928936{padding-top: 60px !important;padding-bottom: 60px !important;}&#8221;][vc_column offset=&#8221;vc_col-lg-8&#8243;][vc_column_text]\n<h2>Ekibimiz<\/h2>\n[\/vc_column_text][vc_column_text]Bir aile \u015firketi olan Ayans Tekstil&#8217;de, \u00fc\u00e7 erkek karde\u015f y\u00f6netimde aktif rol almaktad\u0131r.[\/vc_column_text][vc_row_inner][vc_column_inner width=&#8221;1\/3&#8243;]  <div class=\"et-team-member animation bottom-to-top\">\n  \t<div class=\"et-team-member-image default\">\n\t  \t<figure style=\"background-image:url('https:\/\/ayanspijama.com\/wp-content\/uploads\/2023\/04\/Ahmet-Ayan.png')\">\n\t\t \t\t<div class=\"overlay\">\n\t\t\t\t\t<div class=\"et-member-social\">\n\t\t\t\t\t\t\t\t\t\t\t\t\t\t\t\t\t\t\t\t\t\t\t\t\t\t\t\t\t\t\t\t\t\t\t\t\t\t\t\t\t<\/div>\n\t\t\t\t<\/div>\n\t  \t<\/figure>\n\t\t<\/div>\n\t\t<div class=\"et-member-information\">\n\t\t\t\t\t\t\t<h5>Ahmet Ayan<\/h5>\n\t\t\t\t  \t\t  \t\t<p>\u015eube M\u00fcd\u00fcr\u00fc<\/p>\n\t  \t  \t<\/div>\n\t<\/div>\n  [\/vc_column_inner][vc_column_inner width=&#8221;1\/3&#8243;]  <div class=\"et-team-member animation bottom-to-top\">\n  \t<div class=\"et-team-member-image default\">\n\t  \t<figure style=\"background-image:url('https:\/\/ayanspijama.com\/wp-content\/uploads\/2023\/04\/Mucahit_Ayan-removebg-preview-1.png')\">\n\t\t \t\t<div class=\"overlay\">\n\t\t\t\t\t<div class=\"et-member-social\">\n\t\t\t\t\t\t\t\t\t\t\t\t\t\t\t\t\t\t\t\t\t\t\t\t\t\t\t\t\t\t\t\t\t\t\t\t\t\t\t\t\t<\/div>\n\t\t\t\t<\/div>\n\t  \t<\/figure>\n\t\t<\/div>\n\t\t<div class=\"et-member-information\">\n\t\t\t\t\t\t\t<h5>M\u00fccahit Ayan<\/h5>\n\t\t\t\t  \t\t  \t\t<p>\u015eube M\u00fcd\u00fcr\u00fc<\/p>\n\t  \t  \t<\/div>\n\t<\/div>\n  [\/vc_column_inner][vc_column_inner width=&#8221;1\/3&#8243;]  <div class=\"et-team-member animation bottom-to-top\">\n  \t<div class=\"et-team-member-image default\">\n\t  \t<figure style=\"background-image:url('https:\/\/ayanspijama.com\/wp-content\/uploads\/2019\/05\/product-image-1.jpg')\">\n\t\t \t\t<div class=\"overlay\">\n\t\t\t\t\t<div class=\"et-member-social\">\n\t\t\t\t\t\t\t\t\t\t\t\t\t<a href=\"#\" class=\"facebook\" target=\"_blank\"><span class=\"et-icon et-facebook\"><\/span><\/a>\n\t\t\t\t\t\t\t\t\t\t\t\t\t\t\t\t\t\t\t<a href=\"#\" class=\"twitter\" target=\"_blank\"><span class=\"et-icon et-twitter\"><\/span><\/a>\n\t\t\t\t\t\t\t\t\t\t\t\t\t\t\t\t\t\t\t<a href=\"#\" class=\"pinterest\" target=\"_blank\"><span class=\"et-icon et-pinterest\"><\/span><\/a>\n\t\t\t\t\t\t\t\t\t\t\t\t\t\t\t\t\t\t\t\t\t\t\t\t\t\t\t\t\t<\/div>\n\t\t\t\t<\/div>\n\t  \t<\/figure>\n\t\t<\/div>\n\t\t<div class=\"et-member-information\">\n\t\t\t\t\t\t\t<h5>Recep Ayan<\/h5>\n\t\t\t\t  \t\t  \t\t<p>\u00dcretim M\u00fcd\u00fcr\u00fc<\/p>\n\t  \t  \t<\/div>\n\t<\/div>\n  [\/vc_column_inner][\/vc_row_inner][\/vc_column][\/vc_row]\n<\/section>","protected":false},"excerpt":{"rendered":"<p>[vc_row et_full_width=&#8221;true&#8221; et_row_padding=&#8221;true&#8221; et_column_align=&#8221;align-center&#8221; parallax=&#8221;content-moving&#8221; parallax_image=&#8221;3581&#8243; disable_element=&#8221;yes&#8221;][vc_column et_column_color=&#8221;et-light-column&#8221; css=&#8221;.vc_custom_1679617690846{background-image: url(http:\/\/ayanspijama.com\/wp-content\/uploads\/2023\/03\/White-BG.png?id=3581) !important;}&#8221;][\/vc_column][\/vc_row][vc_row et_column_align=&#8221;align-center&#8221; css=&#8221;.vc_custom_1579121915525{padding-top: 60px !important;padding-bottom: 40px !important;}&#8221;][vc_column animation=&#8221;animation bottom-to-top&#8221; offset=&#8221;vc_col-lg-8&#8243;][vc_empty_space height=&#8221;50&#8243;][vc_separator border_width=&#8221;4&#8243;][vc_empty_space][vc_row_inner et_column_align=&#8221;align-center&#8221;][vc_column_inner][vc_column_text] \u015eirketimiz [\/vc_column_text][vc_column_text]Temelleri 2002 y\u0131l\u0131nda at\u0131lan Ayans Tekstil, erkek ve \u00e7ocuk pijama alan\u0131nda hizmet vermektedir. Sekt\u00f6r\u00fcn s\u00fcrekli yenilenme ve de\u011fi\u015fim i\u00e7inde oldu\u011funun bilincinde olan Ayans Tekstil \u00e7a\u011fa ayak&hellip;<\/p>\n","protected":false},"author":1,"featured_media":0,"parent":0,"menu_order":0,"comment_status":"closed","ping_status":"closed","template":"","meta":{"footnotes":""},"class_list":["post-4178","page","type-page","status-publish","hentry"],"_links":{"self":[{"href":"https:\/\/ayanspijama.com\/tr\/wp-json\/wp\/v2\/pages\/4178","targetHints":{"allow":["GET"]}}],"collection":[{"href":"https:\/\/ayanspijama.com\/tr\/wp-json\/wp\/v2\/pages"}],"about":[{"href":"https:\/\/ayanspijama.com\/tr\/wp-json\/wp\/v2\/types\/page"}],"author":[{"embeddable":true,"href":"https:\/\/ayanspijama.com\/tr\/wp-json\/wp\/v2\/users\/1"}],"replies":[{"embeddable":true,"href":"https:\/\/ayanspijama.com\/tr\/wp-json\/wp\/v2\/comments?post=4178"}],"version-history":[{"count":3,"href":"https:\/\/ayanspijama.com\/tr\/wp-json\/wp\/v2\/pages\/4178\/revisions"}],"predecessor-version":[{"id":4198,"href":"https:\/\/ayanspijama.com\/tr\/wp-json\/wp\/v2\/pages\/4178\/revisions\/4198"}],"wp:attachment":[{"href":"https:\/\/ayanspijama.com\/tr\/wp-json\/wp\/v2\/media?parent=4178"}],"curies":[{"name":"wp","href":"https:\/\/api.w.org\/{rel}","templated":true}]}}