{"id":4190,"date":"2019-04-12T03:24:27","date_gmt":"2019-04-12T03:24:27","guid":{"rendered":"https:\/\/ayanspijama.com\/anasayfa\/"},"modified":"2023-06-07T00:22:38","modified_gmt":"2023-06-07T00:22:38","slug":"anasayfa","status":"publish","type":"page","link":"http:\/\/ayanspijama.com\/tr\/","title":{"rendered":"Anasayfa"},"content":{"rendered":"<section class=\"wpb-content-wrapper\">[vc_row][vc_column][vc_column_text]\r\n\r\n<div class=\"wp-block-themepunch-revslider revslider\" data-modal=\"false\" data-slidertitle=\"Yeni slider\">\n\t\t\t<!-- START Yeni slider REVOLUTION SLIDER 6.6.11 --><p class=\"rs-p-wp-fix\"><\/p>\n\t\t\t<rs-module-wrap id=\"rev_slider_3_1_wrapper\" data-source=\"gallery\" style=\"visibility:hidden;background:transparent;padding:0;margin:0px auto;margin-top:0;margin-bottom:0;\">\n\t\t\t\t<rs-module id=\"rev_slider_3_1\" style=\"\" data-version=\"6.6.11\">\n\t\t\t\t\t<rs-slides style=\"overflow: hidden; position: absolute;\">\n\t\t\t\t\t\t<rs-slide style=\"position: absolute;\" data-key=\"rs-15\" data-title=\"Slide\" data-thumb=\"\/\/ayanspijama.com\/wp-content\/uploads\/2023\/06\/Trendy-Website-Homepage-Accessories-Sale-Banner-2-50x100.png\" data-in=\"o:0;\" data-out=\"a:false;\">\n\t\t\t\t\t\t\t<img decoding=\"async\" src=\"\/\/ayanspijama.com\/wp-content\/plugins\/revslider\/public\/assets\/assets\/dummy.png\" alt=\"\" title=\"Trendy Website Homepage Accessories Sale Banner (2)\" width=\"6912\" height=\"3456\" class=\"rev-slidebg tp-rs-img rs-lazyload\" data-lazyload=\"\/\/ayanspijama.com\/wp-content\/uploads\/2023\/06\/Trendy-Website-Homepage-Accessories-Sale-Banner-2.png\" data-no-retina>\n<!--\n\t\t\t\t\t\t\t--><rs-layer\n\t\t\t\t\t\t\t\tid=\"slider-3-slide-15-layer-2\" \n\t\t\t\t\t\t\t\tdata-type=\"image\"\n\t\t\t\t\t\t\t\tdata-rsp_ch=\"on\"\n\t\t\t\t\t\t\t\tdata-xy=\"x:r;xo:2px,2px,2px,0;yo:5px,5px,5px,1px;\"\n\t\t\t\t\t\t\t\tdata-text=\"w:normal;s:20,20,20,7;l:0,0,0,9;\"\n\t\t\t\t\t\t\t\tdata-dim=\"w:390px,390px,390px,150px;h:640px,640px,640px,247px;\"\n\t\t\t\t\t\t\t\tdata-frame_999=\"o:0;st:w;\"\n\t\t\t\t\t\t\t\tstyle=\"z-index:6;\"\n\t\t\t\t\t\t\t><img decoding=\"async\" src=\"\/\/ayanspijama.com\/wp-content\/plugins\/revslider\/public\/assets\/assets\/dummy.png\" alt=\"\" class=\"tp-rs-img rs-lazyload\" width=\"390\" height=\"640\" data-lazyload=\"\/\/ayanspijama.com\/wp-content\/uploads\/2023\/03\/garson-erkek-banner-2.png\" data-no-retina> \n\t\t\t\t\t\t\t<\/rs-layer><!--\n\n\t\t\t\t\t\t\t--><rs-layer\n\t\t\t\t\t\t\t\tid=\"slider-3-slide-15-layer-3\" \n\t\t\t\t\t\t\t\tdata-type=\"text\"\n\t\t\t\t\t\t\t\tdata-color=\"rgba(0, 13, 130, 0.83)\"\n\t\t\t\t\t\t\t\tdata-rsp_ch=\"on\"\n\t\t\t\t\t\t\t\tdata-xy=\"x:c;xo:5px,5px,5px,0;y:m,m,m,t;yo:17px,17px,17px,130px;\"\n\t\t\t\t\t\t\t\tdata-text=\"w:normal;s:45,45,45,17;l:50,50,50,19;ls:1,1,1,0;a:center;\"\n\t\t\t\t\t\t\t\tdata-dim=\"minh:0,0,0,none;\"\n\t\t\t\t\t\t\t\tdata-frame_1=\"e:power4.inOut;sp:1200;\"\n\t\t\t\t\t\t\t\tdata-frame_1_sfx=\"se:blocktoleft;\"\n\t\t\t\t\t\t\t\tdata-frame_999=\"o:0;st:w;\"\n\t\t\t\t\t\t\t\tstyle=\"z-index:7;font-family:'Permanent Marker';text-transform:lowercase;\"\n\t\t\t\t\t\t\t>Gen\u00e7 Erkek Koleksiyonu 2023 \n\t\t\t\t\t\t\t<\/rs-layer><!--\n\n\t\t\t\t\t\t\t--><rs-layer\n\t\t\t\t\t\t\t\tid=\"slider-3-slide-15-layer-4\" \n\t\t\t\t\t\t\t\tdata-type=\"image\"\n\t\t\t\t\t\t\t\tdata-rsp_ch=\"on\"\n\t\t\t\t\t\t\t\tdata-xy=\"yo:4px,4px,4px,1px;\"\n\t\t\t\t\t\t\t\tdata-text=\"w:normal;s:20,20,20,7;l:0,0,0,9;\"\n\t\t\t\t\t\t\t\tdata-dim=\"w:391px,391px,391px,150px;h:638px,638px,638px,246px;\"\n\t\t\t\t\t\t\t\tdata-frame_999=\"o:0;st:w;\"\n\t\t\t\t\t\t\t\tstyle=\"z-index:8;\"\n\t\t\t\t\t\t\t><img decoding=\"async\" src=\"\/\/ayanspijama.com\/wp-content\/plugins\/revslider\/public\/assets\/assets\/dummy.png\" alt=\"\" class=\"tp-rs-img rs-lazyload\" width=\"391\" height=\"638\" data-lazyload=\"\/\/ayanspijama.com\/wp-content\/uploads\/2023\/03\/garson-banner-3.png\" data-no-retina> \n\t\t\t\t\t\t\t<\/rs-layer><!--\n\n\t\t\t\t\t\t\t--><rs-layer\n\t\t\t\t\t\t\t\tid=\"slider-3-slide-15-layer-5\" \n\t\t\t\t\t\t\t\tdata-type=\"image\"\n\t\t\t\t\t\t\t\tdata-rsp_ch=\"on\"\n\t\t\t\t\t\t\t\tdata-xy=\"x:c;yo:100px,100px,100px,38px;\"\n\t\t\t\t\t\t\t\tdata-text=\"w:normal;s:20,20,20,7;l:0,0,0,9;\"\n\t\t\t\t\t\t\t\tdata-dim=\"w:350px,350px,350px,135px;h:182px,182px,182px,69px;\"\n\t\t\t\t\t\t\t\tdata-frame_1=\"e:power4.inOut;sp:1200;\"\n\t\t\t\t\t\t\t\tdata-frame_1_sfx=\"se:blocktoright;\"\n\t\t\t\t\t\t\t\tdata-frame_999=\"o:0;st:w;\"\n\t\t\t\t\t\t\t\tstyle=\"z-index:9;\"\n\t\t\t\t\t\t\t><img decoding=\"async\" src=\"\/\/ayanspijama.com\/wp-content\/plugins\/revslider\/public\/assets\/assets\/dummy.png\" alt=\"\" class=\"tp-rs-img rs-lazyload\" width=\"350\" height=\"182\" data-lazyload=\"\/\/ayanspijama.com\/wp-content\/uploads\/2023\/03\/Ayans_Logo_2-removebg-preview.png\" data-no-retina> \n\t\t\t\t\t\t\t<\/rs-layer><!--\n\n\t\t\t\t\t\t\t--><rs-layer\n\t\t\t\t\t\t\t\tid=\"slider-3-slide-15-layer-6\" \n\t\t\t\t\t\t\t\tdata-type=\"object\"\n\t\t\t\t\t\t\t\tdata-rsp_ch=\"on\"\n\t\t\t\t\t\t\t\tdata-xy=\"xo:50px,50px,50px,19px;yo:50px,50px,50px,19px;\"\n\t\t\t\t\t\t\t\tdata-text=\"w:normal;s:20,20,20,7;l:0,0,0,9;\"\n\t\t\t\t\t\t\t\tdata-frame_999=\"o:0;st:w;\"\n\t\t\t\t\t\t\t\tstyle=\"z-index:10;font-family:'Roboto';\"\n\t\t\t\t\t\t\t> \n\t\t\t\t\t\t\t<\/rs-layer><!--\n\n\t\t\t\t\t\t\t--><a\n\t\t\t\t\t\t\t\tid=\"slider-3-slide-15-layer-7\" \n\t\t\t\t\t\t\t\tclass=\"rs-layer rev-btn\"\n\t\t\t\t\t\t\t\thref=\"http:\/\/ayanspijama.com\/tr\/erkek-garson\/\" target=\"_self\"\n\t\t\t\t\t\t\t\tdata-type=\"button\"\n\t\t\t\t\t\t\t\tdata-rsp_ch=\"on\"\n\t\t\t\t\t\t\t\tdata-xy=\"x:c;yo:430px,430px,430px,165px;\"\n\t\t\t\t\t\t\t\tdata-text=\"w:normal;s:30,30,30,11;l:35,35,35,12;ls:2,2,2,0;\"\n\t\t\t\t\t\t\t\tdata-dim=\"minh:0,0,0,none;\"\n\t\t\t\t\t\t\t\tdata-padding=\"t:21,21,21,8;r:61,61,61,23;b:21,21,21,8;l:61,61,61,23;\"\n\t\t\t\t\t\t\t\tdata-border=\"bor:30px,30px,30px,30px;\"\n\t\t\t\t\t\t\t\tdata-frame_999=\"o:0;st:w;\"\n\t\t\t\t\t\t\t\tdata-frame_hover=\"c:#000;bgc:#fff;bor:30px,30px,30px,30px;sp:200;\"\n\t\t\t\t\t\t\t\tstyle=\"z-index:11;background-color:rgba(0,0,0,0.75);font-family:'Roboto';text-transform:capitalize;\"\n\t\t\t\t\t\t\t>\u00dcR\u00dcNLER\u0130 G\u00d6R <i class=\"fa-chevron-right\"><\/i> \n\t\t\t\t\t\t\t<\/a><!--\n-->\t\t\t\t\t\t<\/rs-slide>\n\t\t\t\t\t\t<rs-slide style=\"position: absolute;\" data-key=\"rs-19\" data-title=\"Slide\" data-thumb=\"\/\/ayanspijama.com\/wp-content\/uploads\/2023\/06\/Trendy-Website-Homepage-Accessories-Sale-Banner-4-1-50x100.png\" data-anim=\"ms:10;\" data-in=\"o:1;\" data-out=\"a:false;\">\n\t\t\t\t\t\t\t<img decoding=\"async\" src=\"\/\/ayanspijama.com\/wp-content\/plugins\/revslider\/public\/assets\/assets\/dummy.png\" alt=\"\" title=\"Trendy Website Homepage Accessories Sale Banner (4) (1)\" width=\"1200\" height=\"600\" class=\"rev-slidebg tp-rs-img rs-lazyload\" data-lazyload=\"\/\/ayanspijama.com\/wp-content\/uploads\/2023\/06\/Trendy-Website-Homepage-Accessories-Sale-Banner-4-1.png\" data-bg=\"f:120% 100%;\" data-no-retina>\n<!--\n\t\t\t\t\t\t\t--><rs-layer\n\t\t\t\t\t\t\t\tid=\"slider-3-slide-19-layer-1\" \n\t\t\t\t\t\t\t\tdata-type=\"image\"\n\t\t\t\t\t\t\t\tdata-rsp_ch=\"on\"\n\t\t\t\t\t\t\t\tdata-xy=\"x:c;y:m;yo:-53px,-53px,-53px,-19px;\"\n\t\t\t\t\t\t\t\tdata-text=\"w:normal;s:20,20,20,7;l:0,0,0,9;\"\n\t\t\t\t\t\t\t\tdata-dim=\"w:282px,282px,282px,108px;h:456px,456px,456px,175px;\"\n\t\t\t\t\t\t\t\tdata-frame_999=\"o:0;st:w;\"\n\t\t\t\t\t\t\t\tstyle=\"z-index:6;\"\n\t\t\t\t\t\t\t><img decoding=\"async\" src=\"\/\/ayanspijama.com\/wp-content\/plugins\/revslider\/public\/assets\/assets\/dummy.png\" alt=\"\" class=\"tp-rs-img rs-lazyload\" width=\"393\" height=\"636\" data-lazyload=\"\/\/ayanspijama.com\/wp-content\/uploads\/2023\/03\/Kiz-cocuk-banner.png\" data-no-retina> \n\t\t\t\t\t\t\t<\/rs-layer><!--\n\n\t\t\t\t\t\t\t--><rs-layer\n\t\t\t\t\t\t\t\tid=\"slider-3-slide-19-layer-8\" \n\t\t\t\t\t\t\t\tdata-type=\"image\"\n\t\t\t\t\t\t\t\tdata-rsp_ch=\"on\"\n\t\t\t\t\t\t\t\tdata-xy=\"xo:716px,716px,716px,277px;yo:58px,58px,58px,21px;\"\n\t\t\t\t\t\t\t\tdata-text=\"w:normal;s:20,20,20,7;l:0,0,0,9;\"\n\t\t\t\t\t\t\t\tdata-dim=\"w:277px,277px,277px,106px;h:447px,447px,447px,172px;\"\n\t\t\t\t\t\t\t\tdata-frame_999=\"o:0;st:w;\"\n\t\t\t\t\t\t\t\tstyle=\"z-index:7;\"\n\t\t\t\t\t\t\t><img decoding=\"async\" src=\"\/\/ayanspijama.com\/wp-content\/plugins\/revslider\/public\/assets\/assets\/dummy.png\" alt=\"\" class=\"tp-rs-img rs-lazyload\" width=\"393\" height=\"635\" data-lazyload=\"\/\/ayanspijama.com\/wp-content\/uploads\/2023\/03\/36-removebg-preview.png\" data-no-retina> \n\t\t\t\t\t\t\t<\/rs-layer><!--\n\n\t\t\t\t\t\t\t--><rs-layer\n\t\t\t\t\t\t\t\tid=\"slider-3-slide-19-layer-9\" \n\t\t\t\t\t\t\t\tdata-type=\"image\"\n\t\t\t\t\t\t\t\tdata-rsp_ch=\"on\"\n\t\t\t\t\t\t\t\tdata-xy=\"xo:82px,82px,82px,30px;yo:181px,181px,181px,69px;\"\n\t\t\t\t\t\t\t\tdata-text=\"w:normal;s:20,20,20,7;l:0,0,0,9;\"\n\t\t\t\t\t\t\t\tdata-dim=\"w:275px,275px,275px,106px;h:451px,451px,451px,173px;\"\n\t\t\t\t\t\t\t\tdata-frame_999=\"o:0;st:w;\"\n\t\t\t\t\t\t\t\tstyle=\"z-index:8;\"\n\t\t\t\t\t\t\t><img decoding=\"async\" src=\"\/\/ayanspijama.com\/wp-content\/plugins\/revslider\/public\/assets\/assets\/dummy.png\" alt=\"\" class=\"tp-rs-img rs-lazyload\" width=\"390\" height=\"639\" data-lazyload=\"\/\/ayanspijama.com\/wp-content\/uploads\/2023\/03\/22-removebg-preview.png\" data-no-retina> \n\t\t\t\t\t\t\t<\/rs-layer><!--\n\n\t\t\t\t\t\t\t--><rs-layer\n\t\t\t\t\t\t\t\tid=\"slider-3-slide-19-layer-11\" \n\t\t\t\t\t\t\t\tdata-type=\"image\"\n\t\t\t\t\t\t\t\tdata-rsp_ch=\"on\"\n\t\t\t\t\t\t\t\tdata-xy=\"xo:280px,280px,280px,107px;yo:85px,85px,85px,32px;\"\n\t\t\t\t\t\t\t\tdata-text=\"w:normal;s:20,20,20,7;l:0,0,0,9;\"\n\t\t\t\t\t\t\t\tdata-dim=\"w:261px,261px,261px,100px;h:419px,419px,419px,161px;\"\n\t\t\t\t\t\t\t\tdata-frame_999=\"o:0;st:w;\"\n\t\t\t\t\t\t\t\tstyle=\"z-index:9;\"\n\t\t\t\t\t\t\t><img decoding=\"async\" src=\"\/\/ayanspijama.com\/wp-content\/plugins\/revslider\/public\/assets\/assets\/dummy.png\" alt=\"\" class=\"tp-rs-img rs-lazyload\" width=\"394\" height=\"633\" data-lazyload=\"\/\/ayanspijama.com\/wp-content\/uploads\/2023\/03\/8-removebg-preview.png\" data-no-retina> \n\t\t\t\t\t\t\t<\/rs-layer><!--\n\n\t\t\t\t\t\t\t--><rs-layer\n\t\t\t\t\t\t\t\tid=\"slider-3-slide-19-layer-12\" \n\t\t\t\t\t\t\t\tdata-type=\"image\"\n\t\t\t\t\t\t\t\tdata-rsp_ch=\"on\"\n\t\t\t\t\t\t\t\tdata-xy=\"x:r;xo:71px,71px,71px,27px;yo:193px,193px,193px,74px;\"\n\t\t\t\t\t\t\t\tdata-text=\"w:normal;s:20,20,20,7;l:0,0,0,9;\"\n\t\t\t\t\t\t\t\tdata-dim=\"w:268px,268px,268px,103px;h:438px,438px,438px,169px;\"\n\t\t\t\t\t\t\t\tdata-frame_999=\"o:0;st:w;\"\n\t\t\t\t\t\t\t\tstyle=\"z-index:10;\"\n\t\t\t\t\t\t\t><img decoding=\"async\" src=\"\/\/ayanspijama.com\/wp-content\/plugins\/revslider\/public\/assets\/assets\/dummy.png\" alt=\"\" class=\"tp-rs-img rs-lazyload\" width=\"391\" height=\"638\" data-lazyload=\"\/\/ayanspijama.com\/wp-content\/uploads\/2023\/03\/7-removebg-preview.png\" data-no-retina> \n\t\t\t\t\t\t\t<\/rs-layer><!--\n\n\t\t\t\t\t\t\t--><rs-layer\n\t\t\t\t\t\t\t\tid=\"slider-3-slide-19-layer-14\" \n\t\t\t\t\t\t\t\tdata-type=\"text\"\n\t\t\t\t\t\t\t\tdata-color=\"#b727db\"\n\t\t\t\t\t\t\t\tdata-rsp_ch=\"on\"\n\t\t\t\t\t\t\t\tdata-xy=\"x:c;y:b;yo:15px,15px,15px,5px;\"\n\t\t\t\t\t\t\t\tdata-text=\"w:normal;s:46,46,46,17;l:60,60,60,22;ls:-1,-1,-1,0;\"\n\t\t\t\t\t\t\t\tdata-dim=\"minh:0px,0px,0px,none;\"\n\t\t\t\t\t\t\t\tdata-frame_0=\"x:right;skX:-85;\"\n\t\t\t\t\t\t\t\tdata-frame_1=\"sp:1000;\"\n\t\t\t\t\t\t\t\tdata-frame_999=\"o:0;st:w;\"\n\t\t\t\t\t\t\t\tstyle=\"z-index:11;font-family:'Ubuntu Condensed';\"\n\t\t\t\t\t\t\t>K\u0131z \u00c7ocuk Koleksiyonumuzu Ke\u015ffedin! \n\t\t\t\t\t\t\t<\/rs-layer><!--\n\n\t\t\t\t\t\t\t--><a\n\t\t\t\t\t\t\t\tid=\"slider-3-slide-19-layer-16\" \n\t\t\t\t\t\t\t\tclass=\"rs-layer rev-btn\"\n\t\t\t\t\t\t\t\thref=\"http:\/\/ayanspijama.com\/tr\/kiz-cocuk\/\" target=\"_self\"\n\t\t\t\t\t\t\t\tdata-type=\"button\"\n\t\t\t\t\t\t\t\tdata-rsp_ch=\"on\"\n\t\t\t\t\t\t\t\tdata-xy=\"x:c;yo:475px,475px,475px,183px;\"\n\t\t\t\t\t\t\t\tdata-text=\"w:normal;s:19,19,19,6;l:23,23,23,8;ls:1,1,1,0;\"\n\t\t\t\t\t\t\t\tdata-dim=\"minh:0,0,0,none;\"\n\t\t\t\t\t\t\t\tdata-padding=\"t:14,14,14,6;r:40,40,40,15;b:14,14,14,6;l:40,40,40,15;\"\n\t\t\t\t\t\t\t\tdata-border=\"bor:30px,30px,30px,30px;\"\n\t\t\t\t\t\t\t\tdata-frame_999=\"o:0;st:w;\"\n\t\t\t\t\t\t\t\tdata-frame_hover=\"c:#000;bgc:#fff;bor:30px,30px,30px,30px;sp:200;\"\n\t\t\t\t\t\t\t\tstyle=\"z-index:12;background-color:rgba(0,0,0,0.75);font-family:'Roboto';text-transform:capitalize;\"\n\t\t\t\t\t\t\t>\u00dcR\u00dcNLER\u0130 G\u00d6R <i class=\"fa-chevron-right\"><\/i> \n\t\t\t\t\t\t\t<\/a><!--\n-->\t\t\t\t\t\t<\/rs-slide>\n\t\t\t\t\t<\/rs-slides>\n\t\t\t\t<\/rs-module>\n\t\t\t\t<script>\n\t\t\t\t\tsetREVStartSize({c: 'rev_slider_3_1',rl:[1240,1240,1240,480],el:[600,600,600,250],gw:[1240,1240,1240,480],gh:[600,600,600,250],type:'standard',justify:'',layout:'fullwidth',mh:\"0\"});if (window.RS_MODULES!==undefined && window.RS_MODULES.modules!==undefined && window.RS_MODULES.modules[\"revslider31\"]!==undefined) {window.RS_MODULES.modules[\"revslider31\"].once = false;window.revapi3 = undefined;if (window.RS_MODULES.checkMinimal!==undefined) window.RS_MODULES.checkMinimal()}\n\t\t\t\t<\/script>\n\t\t\t<\/rs-module-wrap>\n\t\t\t<!-- END REVOLUTION SLIDER -->\n<\/div>\r\n[\/vc_column_text][\/vc_column][\/vc_row][vc_row css=&#8221;.vc_custom_1579117484725{margin-bottom: 40px !important;}&#8221;][vc_column][vc_row_inner content_placement=&#8221;middle&#8221;][vc_column_inner et_column_color=&#8221;et-light-column&#8221; animation=&#8221;animation bottom-to-top&#8221; offset=&#8221;vc_col-lg-offset-0 vc_col-lg-6 vc_col-xs-12&#8243; css=&#8221;.vc_custom_1686096544359{margin-bottom: 30px !important;padding-top: 10% !important;padding-right: 40% !important;padding-bottom: 10% !important;padding-left: 10% !important;background: #f2f2f2 url(http:\/\/ayanspijama.com\/wp-content\/uploads\/2023\/06\/TR-1.png?id=4252) !important;background-position: center !important;background-repeat: no-repeat !important;background-size: cover !important;border-radius: 3px !important;}&#8221;][vc_column_text]\r\n<p>&nbsp;<\/p>\r\n<p>&nbsp;<\/p>\r\n<p>&nbsp;<\/p>\r\n[\/vc_column_text]\t\t<div id=\"et-button-69dff273eb99e\" class=\"et_btn_align_left \">\n\t\t\t<a href=\"https:\/\/ayanspijama.com\/men\/\" class=\" et_btn button et_btn_sm solid color-custom button-shadow  \"  role=\"button\" title=\"Ayans Men&#039;s Premium\" ><span>\u00dcr\u00fcnleri g\u00f6r<\/span><\/a>\n\t\t<\/div>\n\t\t\n\t[\/vc_column_inner][vc_column_inner animation=&#8221;animation bottom-to-top&#8221; offset=&#8221;vc_col-lg-6 vc_col-xs-12&#8243; css=&#8221;.vc_custom_1686097016858{margin-bottom: 30px !important;padding-top: 10% !important;padding-right: 40% !important;padding-bottom: 10% !important;padding-left: 10% !important;background-image: url(http:\/\/ayanspijama.com\/wp-content\/uploads\/2023\/06\/Erkek-Cocuk-TR-2-1.png?id=4260) !important;background-position: center !important;background-repeat: no-repeat !important;background-size: cover !important;}&#8221;][vc_column_text]\r\n<p>&nbsp;<\/p>\r\n<p>&nbsp;<\/p>\r\n<p>&nbsp;<\/p>\r\n[\/vc_column_text]\t\t<div id=\"et-button-69dff273eba4b\" class=\"et_btn_align_left \">\n\t\t\t<a href=\"https:\/\/ayanspijama.com\/boys\/\" class=\" et_btn button et_btn_sm solid color-custom   \"  role=\"button\" title=\"Boys Collection\" ><span>\u00dcr\u00fcnleri g\u00f6r<\/span><\/a>\n\t\t<\/div>\n\t\t\n\t[\/vc_column_inner][\/vc_row_inner][vc_row_inner][vc_column_inner animation=&#8221;animation left-to-right&#8221; offset=&#8221;vc_col-lg-6 vc_col-xs-12&#8243; css=&#8221;.vc_custom_1686097331414{margin-bottom: 30px !important;padding-top: 10% !important;padding-right: 10% !important;padding-bottom: 10% !important;padding-left: 10% !important;background: #f2f2f2 url(http:\/\/ayanspijama.com\/wp-content\/uploads\/2023\/06\/Kiz-Cocuk-TR-1.png?id=4264) !important;background-position: center !important;background-repeat: no-repeat !important;background-size: cover !important;border-radius: 3px !important;}&#8221;][vc_column_text]\r\n<p>&nbsp;<\/p>\r\n<p>&nbsp;<\/p>\r\n<p>&nbsp;<\/p>\r\n<p>&nbsp;<\/p>\r\n[\/vc_column_text]\t\t<div id=\"et-button-69dff273eba94\" class=\"et_btn_align_left \">\n\t\t\t<a href=\"https:\/\/ayanspijama.com\/girls\/\" class=\" et_btn button et_btn_sm solid color-custom button-shadow  \"  role=\"button\" title=\"Girls collection\" ><span>\u00dcr\u00fcnleri g\u00f6r<\/span><\/a>\n\t\t<\/div>\n\t\t\n\t[vc_empty_space][\/vc_column_inner][\/vc_row_inner][\/vc_column][\/vc_row][vc_row et_column_align=&#8221;align-center&#8221; content_placement=&#8221;middle&#8221;][vc_column animation=&#8221;animation bottom-to-top&#8221; css=&#8221;.vc_custom_1579143688636{padding-top: 60px !important;padding-right: 15% !important;padding-bottom: 40px !important;padding-left: 15% !important;background-color: #edead3 !important;}&#8221;][vc_row_inner et_column_align=&#8221;align-center&#8221; content_placement=&#8221;top&#8221;][vc_column_inner offset=&#8221;vc_col-lg-8&#8243;][vc_column_text]\r\n<h5 class=\"fancy-title accent-color\" style=\"text-align: center;\">\u00dcR\u00dcNLER\u0130M\u0130Z\u0130 BE\u011eEND\u0130N\u0130Z M\u0130?<\/h5>\r\n<h2 style=\"text-align: center;\">\u0130lk sipari\u015finizi birlikte olu\u015ftural\u0131m!<\/h2>\r\n<p style=\"text-align: center;\">Bize telefonla veya sosyal medya hesaplar\u0131m\u0131z \u00fczerinden ula\u015f\u0131n ve birlikte sipari\u015finizi olu\u015ftural\u0131m. Erkek, garson ve \u00e7ocuk pijamalar\u0131 i\u00e7in do\u011fru yerdesiniz. Koleksiyonlar\u0131m\u0131za g\u00f6z at\u0131n ve be\u011fendiklerinizi bize s\u00f6yleyin!<\/p>\r\n[\/vc_column_text][vc_empty_space height=&#8221;20px&#8221;][\/vc_column_inner][\/vc_row_inner][vc_row_inner et_column_align=&#8221;align-center&#8221; content_placement=&#8221;top&#8221;][vc_column_inner]\t<div id=\"et-icon-holder-118\" class=\"et-icon-holder row center-true lg-block-grid-4 md-block-grid-2 block-grid-1 \">\n\t\t\r\n\t<div id=\"et-iconbox-282\" class=\"et-iconbox layout-centered icon-style-simple bottom-spacing-none icon-color- text-color- animation bottom-to-top \"> \r\n\t\t<div class=\"et-icon-inner\">\r\n\t\t\t\t\t\t<figure class=\"et-feature-icon\">\r\n\t\t\t\t\t\t\t\t<span class=\"pe-7s-phone\"><\/span>\r\n\t\t\t\t\t\t\t<\/figure>\r\n\t\t\t\t\t\t<div class=\"et-feature-content\"> \r\n\t\t\t\t\t\t\t\t\t\t\t\t\t\t\t\t\t<h4 class=\"title\">Bize ula\u015f\u0131n<\/h4>\r\n\t\t\t\t\t\t\t\t\t\t\t\t<div class=\"wpb_text_column\"><p>Be\u011fendiklerinizi s\u00f6yleyin.<\/p>\n<\/div>\r\n\t\t\t<\/div>\r\n\t\t<\/div>\r\n\t<\/div>\r\n\r\n\t\r\n\t<div id=\"et-iconbox-431\" class=\"et-iconbox layout-centered icon-style-simple bottom-spacing-none icon-color- text-color- animation bottom-to-top \"> \r\n\t\t<div class=\"et-icon-inner\">\r\n\t\t\t\t\t\t<figure class=\"et-feature-icon\">\r\n\t\t\t\t\t\t\t\t<span class=\"pe-7s-cart\"><\/span>\r\n\t\t\t\t\t\t\t<\/figure>\r\n\t\t\t\t\t\t<div class=\"et-feature-content\"> \r\n\t\t\t\t\t\t\t\t\t\t\t\t\t\t\t\t\t<h4 class=\"title\">\u00dcr\u00fcnleri Sat\u0131n Al\u0131n<\/h4>\r\n\t\t\t\t\t\t\t\t\t\t\t\t<div class=\"wpb_text_column\"><p>Sipari\u015finizi olu\u015ftural\u0131m.<\/p>\n<\/div>\r\n\t\t\t<\/div>\r\n\t\t<\/div>\r\n\t<\/div>\r\n\r\n\t\r\n\t<div id=\"et-iconbox-156\" class=\"et-iconbox layout-centered icon-style-simple bottom-spacing-none icon-color- text-color- animation bottom-to-top \"> \r\n\t\t<div class=\"et-icon-inner\">\r\n\t\t\t\t\t\t<figure class=\"et-feature-icon\">\r\n\t\t\t\t\t\t\t\t<span class=\"pe-7s-plane\"><\/span>\r\n\t\t\t\t\t\t\t<\/figure>\r\n\t\t\t\t\t\t<div class=\"et-feature-content\"> \r\n\t\t\t\t\t\t\t\t\t\t\t\t\t\t\t\t\t<h4 class=\"title\">Sipari\u015finizi g\u00f6nderelim!<\/h4>\r\n\t\t\t\t\t\t\t\t\t\t\t\t<div class=\"wpb_text_column\"><p>Kara, hava veya deniz yoluyla g\u00f6nderim<\/p>\n<\/div>\r\n\t\t\t<\/div>\r\n\t\t<\/div>\r\n\t<\/div>\r\n\r\n\t\t<\/div>\n\t[\/vc_column_inner][\/vc_row_inner][\/vc_column][\/vc_row]<\/section>","protected":false},"excerpt":{"rendered":"<p>[vc_row][vc_column][vc_column_text] [\/vc_column_text][\/vc_column][\/vc_row][vc_row css=&#8221;.vc_custom_1579117484725{margin-bottom: 40px !important;}&#8221;][vc_column][vc_row_inner content_placement=&#8221;middle&#8221;][vc_column_inner et_column_color=&#8221;et-light-column&#8221; animation=&#8221;animation bottom-to-top&#8221; offset=&#8221;vc_col-lg-offset-0 vc_col-lg-6 vc_col-xs-12&#8243; css=&#8221;.vc_custom_1686096544359{margin-bottom: 30px !important;padding-top: 10% !important;padding-right: 40% !important;padding-bottom: 10% !important;padding-left: 10% !important;background: #f2f2f2 url(http:\/\/ayanspijama.com\/wp-content\/uploads\/2023\/06\/TR-1.png?id=4252) !important;background-position: center !important;background-repeat: no-repeat !important;background-size: cover !important;border-radius: 3px !important;}&#8221;][vc_column_text] &nbsp; &nbsp; &nbsp; [\/vc_column_text][\/vc_column_inner][vc_column_inner animation=&#8221;animation bottom-to-top&#8221; offset=&#8221;vc_col-lg-6 vc_col-xs-12&#8243; css=&#8221;.vc_custom_1686097016858{margin-bottom: 30px !important;padding-top: 10% !important;padding-right: 40% !important;padding-bottom: 10%&hellip;<\/p>\n","protected":false},"author":1,"featured_media":0,"parent":0,"menu_order":0,"comment_status":"closed","ping_status":"closed","template":"","meta":{"footnotes":""},"class_list":["post-4190","page","type-page","status-publish","hentry"],"_links":{"self":[{"href":"http:\/\/ayanspijama.com\/tr\/wp-json\/wp\/v2\/pages\/4190","targetHints":{"allow":["GET"]}}],"collection":[{"href":"http:\/\/ayanspijama.com\/tr\/wp-json\/wp\/v2\/pages"}],"about":[{"href":"http:\/\/ayanspijama.com\/tr\/wp-json\/wp\/v2\/types\/page"}],"author":[{"embeddable":true,"href":"http:\/\/ayanspijama.com\/tr\/wp-json\/wp\/v2\/users\/1"}],"replies":[{"embeddable":true,"href":"http:\/\/ayanspijama.com\/tr\/wp-json\/wp\/v2\/comments?post=4190"}],"version-history":[{"count":8,"href":"http:\/\/ayanspijama.com\/tr\/wp-json\/wp\/v2\/pages\/4190\/revisions"}],"predecessor-version":[{"id":4268,"href":"http:\/\/ayanspijama.com\/tr\/wp-json\/wp\/v2\/pages\/4190\/revisions\/4268"}],"wp:attachment":[{"href":"http:\/\/ayanspijama.com\/tr\/wp-json\/wp\/v2\/media?parent=4190"}],"curies":[{"name":"wp","href":"https:\/\/api.w.org\/{rel}","templated":true}]}}